{"id":4186,"date":"2025-11-05T10:17:19","date_gmt":"2025-11-05T10:17:19","guid":{"rendered":"https:\/\/www.woodco.it\/privacy-policy\/"},"modified":"2026-01-16T15:52:23","modified_gmt":"2026-01-16T15:52:23","slug":"privacy-policy","status":"publish","type":"page","link":"https:\/\/www.woodco.it\/en\/privacy-policy\/","title":{"rendered":"Privacy Policy"},"content":{"rendered":"&#13;\n<h2 class=\"wp-block-heading\">Privacy and Cookie Policy<\/h2>&#13;\n<h3>Information on the processing of personal data of website users pursuant to Article 13 of EU Regulation 679\/2016 <\/h3>&#13;\n<p>Questo documento \u00e8 stato redatto ai sensi dell\u2019art. 13 del Regolamento UE 2016\/679 (di seguito: \u201cRegolamento\u201d) al fine di permettere agli utenti di conoscere la nostra politica sulla privacy, per capire come le loro informazioni personali vengono gestite quando utilizzano il nostro sito (www.woodco.it, di seguito \u201cSito\u201d) e, se del caso, di prestare un consenso al trattamento dei loro dati personali espresso e consapevole. Le informazioni ed i dati forniti dagli utenti o altrimenti acquisiti nell\u2019ambito dell\u2019utilizzo dei servizi di navigazione e accesso all\u2019area riservata del Sito (di seguito \u201cServizi\u201d), saranno oggetto di trattamento nel rispetto delle disposizioni del Regolamento e degli obblighi di riservatezza che ispirano l\u2019attivit\u00e0 di Woodco.<br\/>Secondo le norme del Regolamento, i trattamenti effettuati da Woodco saranno improntati ai principi di liceit\u00e0, correttezza, trasparenza, limitazione delle finalit\u00e0 e della conservazione, minimizzazione dei dati, esattezza, integrit\u00e0 e riservatezza, nonch\u00e9 al principio di responsabilizzazione di cui all\u2019art. 5 del Regolamento.<\/p>&#13;\n<p>\u00a0<\/p>&#13;\n<p><strong>1. TITOLARE DEL TRATTAMENTO<\/strong><br\/>Woodco soc. Coop. con sede legale in Via Antonio Detassis 17 38121 Trento \u2013 Italy (di seguito \u201cWoodco\u201d o \u201cTitolare\u201d) si impegna costantemente per tutelare la privacy on-line dei suoi utenti. Invitiamo, dunque, prima di comunicare qualsiasi dato personale al Titolare, a leggere con attenzione la presente informativa privacy perch\u00e9 contiene informazioni importanti sulla tutela dei dati personali. Le richieste vanno rivolte al numero di telefono 0461\/405111 ovvero all\u2019indirizzo email: info@woodco.it o spedite per posta a Ufficio Privacy C\/o Woodco Soc. Coop. \u2013 Via Antonio Detassis 17 \u2013 38121 Trento \u2013 Italy.<\/p>&#13;\n<p>\u00a0<\/p>&#13;\n<p><strong>2. DATI PERSONALI OGGETTO DEL TRATTAMENTO<\/strong><br\/>I dati personali oggetto di trattamento potranno essere costituiti da un identificativo come il nome, un numero di identificazione, dati relativi all\u2019ubicazione, a un identificativo online o a uno o piu\u0300 elementi caratteristici dell\u2019identit\u00e0 fisica, fisiologica, psichica, economica, culturale o sociale idonea a rendere l\u2019interessato identificato o identificabile, a seconda del tipo di servizi richiesti.<br\/>In particolare, i dati personali trattati attraverso il Sito sono i seguenti.<\/p>&#13;\n<p><strong>a) Dati di navigazione<\/strong><br\/>I sistemi informatici e le procedure software preposte al funzionamento del Sito acquisiscono automaticamente, nel normale esercizio, alcune informazioni inerenti la navigazione web la cui trasmissione \u00e8 implicita nell\u2019uso dei protocolli di comunicazione Internet. Si tratta di informazioni che non sono raccolte per essere associate a interessati identificati ma che per loro natura potrebbero, mediante associazioni ed elaborazioni con dati detenuti da terzi, permettere di identificare gli utenti o navigatori. In questa categoria rientrano le informazioni relative a indirizzi IP, nomi a dominio dei computer utilizzati dagli utenti che si connettono al sito, indirizzi in notazione URI (Uniform Resource Identifier) delle risorse richieste, orario della richiesta, il metodo utilizzato nel sottoporre la richiesta al server web, la dimensione del file ottenuto in risposta, codice numerico indicante lo stato della risposta data dal server web (buon fine, errore, ecc.) ed altri parametri relativi al sistema operativo ed all\u2019ambiente informatico dell\u2019utente. Questi dati vengono utilizzati al solo fine di ricavare informazioni statistiche anonime sull\u2019uso del presente Sito web e per controllarne il corretto funzionamento, per identificare anomalie e\/o abusi, e sono cancellati immediatamente dopo l\u2019elaborazione. I dati potrebbero essere utilizzati per l\u2019accertamento di responsabilit\u00e0 in caso di ipotetici reati informatici ai danni del sito o di terzi.<br\/>Specifiche informative sono riportate nelle sezioni del sito web predisposte per particolari servizi, accessibili anche a seguito di registrazione, dove vengono richiesti dati personali all\u2019utente del sito.<\/p>&#13;\n<p><strong>b) Speciali categorie di Dati Personali<\/strong><br\/>Nell\u2019utilizzo della sezione del Sito \u201cContatti\u201d (http:\/\/www.woodco.it\/contatti\/), potrebbe verificarsi un conferimento di dati personali rientranti nel novero delle speciali categorie di Dati Personali di cui all\u2019art. 9 del Regolamento, testualmente i \u201c[\u2026] dati idonei a rivelare l\u2019origine razziale o etnica, le opinioni politiche, le convinzioni religiose o filosofiche, o l\u2019appartenenza sindacale, nonch\u00e9 trattare dati genetici, dati biometrici intesi a identificare in modo univoco una persona fisica, dati relativi alla salute o alla vita sessuale o all\u2019orientamento sessuale della persona\u201d. Invitiamo i nostri utenti a non pubblicare tali dati se non strettamente necessario. Invero, ricordiamo che a fronte della trasmissione di speciali categorie di Dati Personali, ma in assenza di specifica manifestazione del consenso a trattare tali dati (eventualit\u00e0 che consente ugualmente di inviare richieste di informazioni), Woodco non potr\u00e0 essere ritenuta responsabile a nessun titolo, n\u00e9 potr\u00e0 ricevere contestazioni di sorta, poich\u00e9 in tal caso il trattamento sar\u00e0 consentito in quanto avente ad oggetto dati resi manifestamente pubblici dall\u2019interessato, in conformit\u00e0 con l\u2019art. 9.1.e) del Regolamento. Specifichiamo comunque l\u2019importanza, come sopra gi\u00e0 segnalato \u2013 di manifestare l\u2019esplicito consenso al trattamento delle speciali categorie di Dati Personali, laddove l\u2019utente decidesse di condividere tali informazioni.<br\/>Woodco, ad ogni modo, ai fini della selezione, potrebbe analizzare i profili social a carattere professionale resi liberamente disponibili su Internet (ad es.: tramite LinkedIn).<\/p>&#13;\n<p><strong>c) DATI RACCOLTI TRAMITE COOKIE<\/strong><br\/>Cosa sono i cookie<br\/>La navigazione in questo Sito comporta la ricezione di cookie, brevi stringhe di testo che i siti web visitati inviano al browser dell\u2019utente (cio\u00e8 il programma che serve per navigare come, ad es., Chrome, Explorer, Mozilla, ecc.) dove vengono memorizzati per essere poi ritrasmessi ai medesimi siti web durante le successive visite. Nel corso della navigazione su un sito, l\u2019utente pu\u00f2 ricevere sul suo computer anche cookie di siti o di web server diversi da quello che sta visitando (c.d. cookie di \u201cterze parti\u201d). \u00c8 possibile distinguere cookie tecnici, che permettono lo svolgimento di attivit\u00e0 strettamente legate al funzionamento del sito e possono essere utilizzati liberamente, e cookie di profilazione, utilizzati al fine di far visualizzare all\u2019utente messaggi pubblicitari in linea con le preferenze manifestate dal medesimo nel corso della navigazione e per i quali \u00e8 necessario acquisire il consenso dell\u2019utente.<br\/>Attraverso questo sito il browser dell\u2019utente pu\u00f2 ricevere cookie tecnici e cookie di profilazione di terze parti.<br\/>Cookie tecnici<br\/>In particolare sono utilizzati Cookie tecnici di navigazione, al fine di memorizzare le preferenze di navigazione e migliorare la navigazione sul sito, e Cookie analitici (nello specifico Google Analytics forniti da Google Inc. \u2013 in seguito \u201cGoogle\u201d), che raccolgono, in forma anonima e aggregata, informazioni statistiche sulle modalit\u00e0 di navigazione degli utenti (ad esempio, numero di pagine visitate e di accessi, tempo di permanenza nel sito), utili a capire in quali aspetti \u00e8 possibile migliorare il sito web.<br\/>Per avere ulteriori informazioni circa il trattamento di dati effettuato da Google attraverso il servizio Google Analytics, l\u2019utente pu\u00f2 visitare la pagina web http:\/\/www.google.com\/analytics\/learn\/privacy.html, e visionare la privacy policy di Google sulla pagina web http:\/\/www.google.com\/intl\/it\/policies\/privacy\/.<br\/>L\u2019utilizzo di questi cookie non richiede l\u2019acquisizione del consenso dell\u2019utente, il quale pu\u00f2 comunque decidere di disabilitarne l\u2019utilizzo sul proprio browser. Inoltre, i cookie di Google Analytics possono essere specificamente rifiutati utilizzando l\u2019apposito strumento fornito da Google (v. https:\/\/support.google.com\/analytics\/answer\/181881?hl=it&amp;ref_topic=2919\u2026).<br\/>d) Cookie di profilazione di terze parti<br\/>Attraverso alcune pagine di questo Sito web \u00e8 inoltre possibile ricevere nel proprio browser anche cookie di profilazione di terze parti, ad esempio per permettere la visualizzazione di contenuti ospitati su piattaforme esterne ed interagire con essi (es. YouTube) o connessi al servizio AdWords di Google (finalizzato a far visualizzare all\u2019utente, nel corso della navigazione, annunci sulla base dei siti web precedentemente visitati). Per tale motivo all\u2019atto dell\u2019accesso a tali pagine \u00e8 proposto un banner volto ad informare l\u2019utente e a permettergli di prestare il proprio consenso alla ricezione di tali cookie, chiudendo il banner o cliccando su qualsiasi altro elemento della pagina, esterno al banner medesimo. Woodco non ha accesso alle informazioni raccolte dai cookie di terzi, che sono utilizzati in piena autonomia dai gestori dei predetti servizi. Per maggiori informazioni sulle modalit\u00e0 di trattamento dei dati raccolti a mezzo di tali cookie gli utenti sono invitati a consultare le note informative sulla privacy fornite dai soggetti che mettono a disposizione i servizi in questione. In particolare, i cookie di terze parti utilizzati nel sito sono i seguenti:<\/p>&#13;\n<ul>&#13;\n<li>YouTube: https:\/\/www.youtube.com\/static?template=privacy_guidelines<\/li>&#13;\n<li>Vimeo: https:\/\/vimeo.com\/cookie_policy<\/li>&#13;\n<li>AdWords: https:\/\/support.google.com\/adwordspolicy\/answer\/6008942?hl=it<\/li>&#13;\n<\/ul>&#13;\n<p>L\u2019utente pu\u00f2 disattivare i cookie apposti dalle terze parti sopra elencate cliccando sui link indicati. Ove non siano presenti link, si pu\u00f2 fare riferimento al seguente sito www.youronlinechoices.com\/it\/ che permette di gestire le preferenze dell\u2019utente in tema di cookie.<br\/>e) Come gestire i Cookie all\u2019interno del proprio browser<br\/>L\u2019utente pu\u00f2 impostare il proprio browser in modo tale da essere avvertito della presenza di cookie e decidere se accettare o meno un cookie specifico o se rifiutare automaticamente tutti i cookie. Di seguito i riferimenti a come gestire l\u2019attivazione\/disattivazione dei cookie per i principali browse<\/p>&#13;\n<ul>&#13;\n<li>Google Chrome: https:\/\/support.google.com\/accounts\/answer\/61416?hl=it<\/li>&#13;\n<li>Mozilla Firefox: https:\/\/support.mozilla.org\/it\/kb\/Attivare%20e<\/li>&#13;\n<li>%20disattivare%20i%20cook\u2026Apple Safari: https:\/\/support.ap<\/li>&#13;\n<li>ple.com\/kb\/PH19214?locale=it_ITOpera: http:\/\/help.opera.com\/Windows\/10.00\/it\/cookies.htmlMicrosoft Internet Explorer e<\/li>&#13;\n<li>Microsoft Edge: https:\/\/support.microsoft.com\/it-it\/help\/17442\/windows-internet-explore\u2026<\/li>&#13;\n<\/ul>&#13;\n<p>Se si decide di rifiutare i cookie \u00e8 peraltro possibile che non risultino utilizzabili, in tutto o in parte, alcune funzionalit\u00e0 interattive offerte dal Sito.<\/p>&#13;\n<p>\u00a0<\/p>&#13;\n<p><strong>3. FINALITA\u2019 DEL TRATTAMENTO<\/strong><br\/>I dati personali degli utenti verranno trattati per le seguenti finalit\u00e0:<br\/>3.1 consentire la navigazione del Sito e l\u2019erogazione dei servizi ivi messi a diposizione dal Titolare, compresa la gestione della sicurezza del Sito;<br\/>3.2 adempiere ad eventuali obblighi previsti dalle leggi vigenti, da regolamenti o dalla normativa comunitaria, o soddisfare richieste provenienti dalle autorit\u00e0;<br\/>3.3 per l\u2019elaborazione di statistiche, senza che sia possibile risalire alla identit\u00e0 dell\u2019interessato;<br\/>3.4 analizzare le richieste e ricontattare i richiedenti che hanno trasmesso la loro domanda tramite la sezione \u201cContatti\u201d;<br\/>3.5 inviare, direttamente, newsletter e comunicazioni con finalit\u00e0 di marketing diretto attraverso email, sms, mms, notifiche push, fax, posta cartacea, in relazione ai prodotti venduti da Woodco;<br\/>3.6 ai fini di svolgere attivit\u00e0 di profilazione, tramite raccolta e analisi delle informazioni sulle selezioni e le scelte effettuate all\u2019interno del Sito, al fine di inviare offerte personalizzate su altri prodotti e\/o servizi;<\/p>&#13;\n<p>Specifiche misure di sicurezza sono osservate per prevenire la perdita dei dati, usi illeciti o non corretti ed accessi non autorizzati.<\/p>&#13;\n<p>\u00a0<\/p>&#13;\n<p><strong>4. BASE GIURIDICA E NATURA OBBLIGATORIA O FACOLTATIVA DEL TRATTAMENTO<\/strong><br\/>La base giuridica del trattamento di dati personali per le finalit\u00e0 di cui alla sezione 3.1 \u00e8 l\u2019art. 6.1.b) del Regolamento in quanto i trattamenti sono necessari all\u2019erogazione dei servizi o per il riscontro delle richieste dell\u2019interessato. La base giuridica del trattamento di dati personali per le finalit\u00e0 di cui alla sezione 3.2 \u00e8, invece, l\u2019art. 6.1.c) del Regolamento (\u201cil trattamento \u00e8 necessario per adempiere un obbligo legale al quale \u00e8 soggetto il titolare del trattamento\u201d). Il conferimento dei dati personali per queste finalit\u00e0 \u00e8 facoltativo, ma l\u2019eventuale mancato conferimento comporterebbe l\u2019impossibilit\u00e0 di attivare i servizi richiesti.<br\/>Si precisa, invece, che il trattamento di cui alla sezione 3.3 non \u00e8 eseguito sulla base di dati personali e, pertanto, pu\u00f2 essere liberamente effettuato dal Titolare.<br\/>La base giuridica del trattamento di dati personali per le finalit\u00e0 di cui alle sezioni 3.5, 3.6 \u00e8 l\u2019art. 6.1.a) del Regolamento in quanto i trattamenti sono basati sul consenso. Quest\u2019ultimo \u00e8 facoltativo ed \u00e8 libero di revocarlo in qualsiasi momento senza alcuna conseguenza (se non per il fatto che non ricever\u00e0 pi\u00f9 comunicazioni di marketing e\/o non sar\u00e0 pi\u00f9 effettuata attivit\u00e0 di profilazione). I consensi precedentemente conferiti sono revocabili seguendo le indicazioni presenti al Paragrafo 8 della presente Informativa.<br\/>Per i trattamenti effettuati ai fini di invio diretto di proprio materiale pubblicitario o di propria vendita diretta o per il compimento di proprie ricerche di mercato o di comunicazioni commerciali in relazione a prodotti o servizi del Titolare analoghi a quelli utilizzati dall\u2019utente, Woodco pu\u00f2 utilizzare gli indirizzi di posta elettronica ai sensi e nei limiti consentiti dall\u2019art. 130, comma 4 del Codice Privacy (D.Lgs. n. 196\/2003) e dal provvedimento dell\u2019Autorit\u00e0 Garante per la protezione dei dati personali del 19 giugno 2008 anche in assenza di consenso esplicito. La base giuridica del trattamento dei dati per tale finalit\u00e0 \u00e8 l\u2019art. 6, comma 1, lett. f) del Regolamento. Resta ferma la possibilit\u00e0 di opporsi a tale trattamento in ogni momento, inizialmente o in occasione di successive comunicazioni, in maniera agevole e gratuitamente anche scrivendo al recapito indicato nella sezione 1 \u201cTITOLARE DEL TRATTAMENTO\u201d della presente informativa, nonch\u00e9 di ottenere un immediato riscontro che confermi l\u2019interruzione di tale trattamento (art. 15 del Regolamento).<\/p>&#13;\n<p>\u00a0<\/p>&#13;\n<p><strong>5. DESTINATARI DEI DATI PERSONALI<\/strong><br\/>I dati personali cos\u00ec raccolti potranno essere condivisi, per le finalit\u00e0 di cui alla sezione 3 della presente informativa privacy, con:<br\/>5.1. soggetti che agiscono tipicamente in qualit\u00e0 di responsabili del trattamento ai sensi dell\u2019art. 28 del Regolamento, ossia soggetti che cooperano con il Titolare per il perseguimento delle finalit\u00e0 di cui sopra, compresi i soggetti delegati a svolgere attivit\u00e0 di manutenzione tecnica (collettivamente \u201cDestinatari\u201d); l\u2019elenco dei responsabili esterni del trattamento pu\u00f2 essere richiesto al Titolare scrivendo ai recapiti indicati nella sezione 1 \u201d TITOLARE DEL TRATTAMENTO \u201d della presente informativa;<br\/>5.2. soggetti, enti od autorit\u00e0 a cui sia obbligatorio comunicare i dati personali in forza di disposizioni di legge o di ordini delle autorit\u00e0;<br\/>5.3. persone autorizzate dal Titolare, ai sensi dell\u2019art. 29 del Regolamento, al trattamento di dati personali necessario a svolgere attivit\u00e0 strettamente correlate all\u2019erogazione dei servizi, che si siano impegnate alla riservatezza o abbiano comunque un adeguato obbligo legale di riservatezza.<br\/>La lista aggiornata dei soggetti che potrebbero trattare i dati personali, in qualit\u00e0 di responsabili del trattamento \u00e8 disponibile, inviando una richiesta scritta al Titolare ai recapiti indicati nella sezione 1 \u201d TITOLARE DEL TRATTAMENTO\u201d della presente informativa.<\/p>&#13;\n<p>\u00a0<\/p>&#13;\n<p><strong>6. TRASFERIMENTO DEI DATI PERSONALI<\/strong><\/p>&#13;\n<p>il Titolare rende noto che Woodco non effettua trasferimento dei Dati verso Paesi non appartenenti alla Spazio Economico Europeo.<\/p>&#13;\n<p>\u00a0<\/p>&#13;\n<p><strong>7. CONSERVAZIONE DEI DATI<\/strong><\/p>&#13;\n<p>I dati personali trattati per le finalit\u00e0 di cui alla sezione 3.1 saranno conservati per il tempo strettamente necessario a raggiungere quelle stesse finalit\u00e0. In ogni caso, trattandosi di trattamenti svolti per la fornitura di servizi, il Titolare conserver\u00e0 i dati personali per il periodo di tempo previsto e ammesso dalla normativa italiana a tutela dei propri interessi (art. 2946 c.c. e ss.).<br\/>I dati personali trattati per le finalit\u00e0 di cui alla sezione 3.2 saranno conservati fino al tempo previsto dallo specifico obbligo o norma di legge applicabile.<br\/>Maggiori informazioni in merito al periodo di conservazione dei dati e ai criteri utilizzati per determinare tale periodo possono essere richieste inviando una richiesta scritta al Titolare al recapito indicato nella sezione 1 \u201d TITOLARE DEL TRATTAMENTO\u201d della presente informativa.<br\/>\u00c8 fatta salva, in ogni caso, la possibilit\u00e0 per il Titolare di conservare i Suoi dati personali per il periodo di tempo previsto e ammesso dalla legge italiana a tutela dei propri interessi (art. 2947 c.c.).<\/p>&#13;\n<p>\u00a0<\/p>&#13;\n<p><strong>8. DIRITTI DEGLI INTERESSATI<\/strong><\/p>&#13;\n<p>Ai sensi degli articoli 15 e ss. del Regolamento, l\u2019interessato ha il diritto di chiedere a Woodco, in qualunque momento, l\u2019accesso ai propri Dati Personali, la rettifica o la cancellazione degli stessi o di opporsi al loro trattamento, richiedere la limitazione del trattamento nei casi previsti dall\u2019art. 18 del Regolamento, nonch\u00e9 di ottenere in un formato strutturato, di uso comune e leggibile da dispositivo automatico i dati che lo riguardano, nei casi previsti dall\u2019art. 20 del Regolamento.<br\/>Le richieste vanno rivolte per iscritto al Titolare ai recapiti indicati nella sezione \u201cContatti\u201d della presente informativa.<br\/>In ogni caso, l\u2019interessato ha sempre diritto di proporre reclamo all\u2019Autorit\u00e0 di Controllo competente (Garante per la Protezione dei Dati Personali), ai sensi dell\u2019art. 77 del Regolamento, qualora ritenga che il trattamento dei suoi Dati Personali sia contrario alla normativa in vigore.<br\/><strong>9. MODIFICHE<\/strong><br\/>Titolare si riserva di modificare o semplicemente aggiornarne il contenuto della presente informativa, in parte o completamente, anche a causa di variazioni della normativa applicabile. Il Titolare invita quindi i propri utenti a visitare con regolarit\u00e0 questa sezione per prendere cognizione della pi\u00f9 recente ed aggiornata versione della informativa privacy in modo da essere sempre aggiornato sui dati raccolti e sull\u2019uso che ne fa Woodco.<br\/>Per esercitare i diritti di cui sopra o per qualunque altra richiesta \u00e8 possibile scrivere al Titolare del trattamento all\u2019indirizzo fisico sopra indicato preferibilmente inserendo nell\u2019oggetto della comunicazione la dicitura \u201cRichiesta esercizio diritti privacy\u201d.<\/p>&#13;\n<p>\u00a0<\/p>&#13;\n<p><strong>Documento aggiornato al 24 Maggio 2018<\/strong><\/p>","protected":false},"excerpt":{"rendered":"<p>&#13; Privacy and Cookie Policy &#13; Information on the processing of personal data of website users pursuant to Article 13 of EU Regulation 679\/2016 &#13; Questo documento \u00e8 stato redatto ai sensi dell\u2019art. 13 del Regolamento UE 2016\/679 (di seguito: \u201cRegolamento\u201d) al fine di permettere agli utenti di conoscere la nostra politica sulla privacy, per [&hellip;]<\/p>\n","protected":false},"author":1,"featured_media":0,"parent":0,"menu_order":9,"comment_status":"closed","ping_status":"open","template":"","meta":{"_acf_changed":false,"footnotes":""},"class_list":["post-4186","page","type-page","status-publish","hentry"],"acf":[],"_links":{"self":[{"href":"https:\/\/www.woodco.it\/en\/wp-json\/wp\/v2\/pages\/4186","targetHints":{"allow":["GET"]}}],"collection":[{"href":"https:\/\/www.woodco.it\/en\/wp-json\/wp\/v2\/pages"}],"about":[{"href":"https:\/\/www.woodco.it\/en\/wp-json\/wp\/v2\/types\/page"}],"author":[{"embeddable":true,"href":"https:\/\/www.woodco.it\/en\/wp-json\/wp\/v2\/users\/1"}],"replies":[{"embeddable":true,"href":"https:\/\/www.woodco.it\/en\/wp-json\/wp\/v2\/comments?post=4186"}],"version-history":[{"count":1,"href":"https:\/\/www.woodco.it\/en\/wp-json\/wp\/v2\/pages\/4186\/revisions"}],"predecessor-version":[{"id":4187,"href":"https:\/\/www.woodco.it\/en\/wp-json\/wp\/v2\/pages\/4186\/revisions\/4187"}],"wp:attachment":[{"href":"https:\/\/www.woodco.it\/en\/wp-json\/wp\/v2\/media?parent=4186"}],"curies":[{"name":"wp","href":"https:\/\/api.w.org\/{rel}","templated":true}]}}